{"id":119,"date":"2024-02-12T14:21:32","date_gmt":"2024-02-12T14:21:32","guid":{"rendered":"https:\/\/canaldelasaves.es\/?page_id=119"},"modified":"2024-02-12T15:14:22","modified_gmt":"2024-02-12T15:14:22","slug":"plan-hidrologico-2023-2027","status":"publish","type":"page","link":"https:\/\/canaldelasaves.es\/index.php\/plan-hidrologico-2023-2027\/","title":{"rendered":"Plan Hidrol\u00f3gico 2023-2027"},"content":{"rendered":"\n<p>Desde este apartado queremos acercar a todos los miembros de esta Comunidad de Regantes el Plan Hidrol\u00f3gico de la parte espa\u00f1ola de la Demarcaci\u00f3n Hidrogr\u00e1fica del Tajo 2023-2027. En dicho Plan se establecen los vol\u00famenes asignados a nuestra zona regable, as\u00ed como los caudales ecol\u00f3gicos que se tienen que mantener en el r\u00edo Tajo a su paso por Aranjuez, que tal como marca dicho texto, se van a ir aumentando desde los 6.5 m3\/s entre los meses de julio y septiembre de 2025 hasta los 10.4 m3\/s que hay que mantener como caudal m\u00ednimo entre los meses de enero a marzo del a\u00f1o 2027.<\/p>\n\n\n\n<p>A continuaci\u00f3n les dejamos el enlace del texto completo para su consulta.<\/p>\n\n\n\n<p><\/p>\n\n\n\n<p><a href=\"https:\/\/www.chtajo.es\/LaCuenca\/Planes\/PlanHidrologico\/Planif_2021-2027\/Paginas\/PHT_2021-2027.aspx\">PLAN HIDROL\u00d3GICO DE LA CUENCA DEL TAJO 2023-2027<\/a><\/p>\n","protected":false},"excerpt":{"rendered":"<p>Desde este apartado queremos acercar a todos los miembros de esta Comunidad de Regantes el Plan Hidrol\u00f3gico de la parte espa\u00f1ola de la Demarcaci\u00f3n Hidrogr\u00e1fica del Tajo 2023-2027. En dicho Plan se establecen los vol\u00famenes asignados a nuestra zona regable, as\u00ed como los caudales ecol\u00f3gicos que se tienen que mantener &hellip;<\/p>\n","protected":false},"author":1,"featured_media":0,"parent":0,"menu_order":0,"comment_status":"closed","ping_status":"closed","template":"","meta":{"footnotes":""},"class_list":["post-119","page","type-page","status-publish","hentry"],"_links":{"self":[{"href":"https:\/\/canaldelasaves.es\/index.php\/wp-json\/wp\/v2\/pages\/119","targetHints":{"allow":["GET"]}}],"collection":[{"href":"https:\/\/canaldelasaves.es\/index.php\/wp-json\/wp\/v2\/pages"}],"about":[{"href":"https:\/\/canaldelasaves.es\/index.php\/wp-json\/wp\/v2\/types\/page"}],"author":[{"embeddable":true,"href":"https:\/\/canaldelasaves.es\/index.php\/wp-json\/wp\/v2\/users\/1"}],"replies":[{"embeddable":true,"href":"https:\/\/canaldelasaves.es\/index.php\/wp-json\/wp\/v2\/comments?post=119"}],"version-history":[{"count":2,"href":"https:\/\/canaldelasaves.es\/index.php\/wp-json\/wp\/v2\/pages\/119\/revisions"}],"predecessor-version":[{"id":126,"href":"https:\/\/canaldelasaves.es\/index.php\/wp-json\/wp\/v2\/pages\/119\/revisions\/126"}],"wp:attachment":[{"href":"https:\/\/canaldelasaves.es\/index.php\/wp-json\/wp\/v2\/media?parent=119"}],"curies":[{"name":"wp","href":"https:\/\/api.w.org\/{rel}","templated":true}]}}