{"id":128,"date":"2024-02-12T15:03:51","date_gmt":"2024-02-12T15:03:51","guid":{"rendered":"https:\/\/canaldelasaves.es\/?page_id=128"},"modified":"2025-01-15T09:48:13","modified_gmt":"2025-01-15T09:48:13","slug":"documentos-comunidad","status":"publish","type":"page","link":"https:\/\/canaldelasaves.es\/index.php\/documentos-comunidad\/","title":{"rendered":"Documentos Comunidad"},"content":{"rendered":"\n<p>Como Comunidad de Regantes y siguiendo el principio de trasparencia necesario para una correcta gesti\u00f3n e informaci\u00f3n de la zona regable, se relacionan a continuaci\u00f3n una serie de documentos de inter\u00e9s general que se mantendr\u00e1n actualizados por parte del personal de dicha comunidad. <\/p>\n\n\n\n<p><a href=\"http:\/\/canaldelasaves.es\/wp-content\/uploads\/2024\/02\/Estatutos-CRR.-Canal-de-las-Aves.pdf\">ESTATUTOS COMUNIDAD DE REGANTES <\/a><a href=\"http:\/\/canaldelasaves.es\/wp-content\/uploads\/2024\/02\/Estatutos-CRR.-Canal-de-las-Aves.pdf\" target=\"_blank\" rel=\"noreferrer noopener\">DEL <\/a><a href=\"http:\/\/canaldelasaves.es\/wp-content\/uploads\/2024\/02\/Estatutos-CRR.-Canal-de-las-Aves.pdf\">CANAL DE LAS AVES<\/a><\/p>\n\n\n\n<p><a href=\"http:\/\/canaldelasaves.es\/wp-content\/uploads\/2024\/02\/Delegacion-Voto-Asamblea.pdf\">DOCUMENTO PARA DELEGACI\u00d3N DE VOTO<\/a><\/p>\n\n\n\n<p><\/p>\n\n\n\n<p><\/p>\n","protected":false},"excerpt":{"rendered":"<p>Como Comunidad de Regantes y siguiendo el principio de trasparencia necesario para una correcta gesti\u00f3n e informaci\u00f3n de la zona regable, se relacionan a continuaci\u00f3n una serie de documentos de inter\u00e9s general que se mantendr\u00e1n actualizados por parte del personal de dicha comunidad. ESTATUTOS COMUNIDAD DE REGANTES DEL CANAL DE &hellip;<\/p>\n","protected":false},"author":1,"featured_media":0,"parent":0,"menu_order":0,"comment_status":"closed","ping_status":"closed","template":"","meta":{"footnotes":""},"class_list":["post-128","page","type-page","status-publish","hentry"],"_links":{"self":[{"href":"https:\/\/canaldelasaves.es\/index.php\/wp-json\/wp\/v2\/pages\/128","targetHints":{"allow":["GET"]}}],"collection":[{"href":"https:\/\/canaldelasaves.es\/index.php\/wp-json\/wp\/v2\/pages"}],"about":[{"href":"https:\/\/canaldelasaves.es\/index.php\/wp-json\/wp\/v2\/types\/page"}],"author":[{"embeddable":true,"href":"https:\/\/canaldelasaves.es\/index.php\/wp-json\/wp\/v2\/users\/1"}],"replies":[{"embeddable":true,"href":"https:\/\/canaldelasaves.es\/index.php\/wp-json\/wp\/v2\/comments?post=128"}],"version-history":[{"count":13,"href":"https:\/\/canaldelasaves.es\/index.php\/wp-json\/wp\/v2\/pages\/128\/revisions"}],"predecessor-version":[{"id":235,"href":"https:\/\/canaldelasaves.es\/index.php\/wp-json\/wp\/v2\/pages\/128\/revisions\/235"}],"wp:attachment":[{"href":"https:\/\/canaldelasaves.es\/index.php\/wp-json\/wp\/v2\/media?parent=128"}],"curies":[{"name":"wp","href":"https:\/\/api.w.org\/{rel}","templated":true}]}}