{"id":18,"date":"2024-02-08T10:40:51","date_gmt":"2024-02-08T10:40:51","guid":{"rendered":"https:\/\/canaldelasaves.es\/?page_id=18"},"modified":"2024-02-28T08:33:18","modified_gmt":"2024-02-28T08:33:18","slug":"sobre-nosotros","status":"publish","type":"page","link":"https:\/\/canaldelasaves.es\/index.php\/sobre-nosotros\/","title":{"rendered":"Sobre nosotros"},"content":{"rendered":"\n<p>La&nbsp;<strong>Comunidad de Regantes del Canal de las Aves<\/strong> se trata de una agrupaci\u00f3n de todos los propietarios de la zona de riego, unidos por Ley y sin \u00e1nimo de lucro, que tienen la finalidad de autogestionarse por s\u00ed solos para distribuir el agua de riego de forma eficaz y equitativa entre todos sus miembros. . En este caso, se refiere a la regi\u00f3n cercana al&nbsp;<strong>r\u00edo Tajo<\/strong>, en la Comunidad de Madrid y lindando con Toledo. Dicha Comunidad de Regantes trabaja en colaboraci\u00f3n con la&nbsp;<strong>Confederaci\u00f3n Hidrogr\u00e1fica del Tajo<\/strong>&nbsp;para estudiar las necesidades de riego, mejorar y conservar las infraestructuras, y garantizar el funcionamiento adecuado de esta zona regable.&nbsp;<\/p>\n\n\n\n<p>Desde esta Comunidad de Regantes se vela por el inter\u00e9s de nuestros comuneros dando apoyo a cada uno de ellos en las necesidades que puedan trasmitirnos a trav\u00e9s de las siguientes funciones principales (entre otras):<\/p>\n\n\n\n<ul class=\"wp-block-list\">\n<li>Distribuir el agua, eficaz y equitativamente a las parcelas de su zona regable<\/li>\n\n\n\n<li>Adaptar, en la medida de lo posible, la oferta y la demanda del agua.<\/li>\n\n\n\n<li>Velar por el mantenimiento de las infraestructuras de regad\u00edo.<\/li>\n\n\n\n<li>Realizar el seguimiento de las actividades de mantenimiento y facilitar una asistencia activa a los regantes.<\/li>\n\n\n\n<li>Realizar todas las labores administrativas necesarias para el buen funcionamiento de la Comunidad.<\/li>\n<\/ul>\n\n\n\n<p>La Comunidad de Regantes del Canal de las Aves se organiza gracias a una estructura jer\u00e1rquica muy definida que est\u00e1 constituida por los siguientes cuerpos:<\/p>\n\n\n\n<p>Junta de Gobierno<\/p>\n\n\n\n<p>Jurado de Riego<\/p>\n\n\n\n<p>De igual modo, nuestra Comunidad de Regantes pone a su disposici\u00f3n un departamento t\u00e9cnico y un departamento administrativo que cuentan con los medios personales y materiales necesarios para la completa atenci\u00f3n y apoyo a todos y cada uno de los miembros de dicha comunidad.<\/p>\n","protected":false},"excerpt":{"rendered":"<p>La&nbsp;Comunidad de Regantes del Canal de las Aves se trata de una agrupaci\u00f3n de todos los propietarios de la zona de riego, unidos por Ley y sin \u00e1nimo de lucro, que tienen la finalidad de autogestionarse por s\u00ed solos para distribuir el agua de riego de forma eficaz y equitativa &hellip;<\/p>\n","protected":false},"author":1,"featured_media":0,"parent":0,"menu_order":0,"comment_status":"closed","ping_status":"closed","template":"","meta":{"footnotes":""},"class_list":["post-18","page","type-page","status-publish","hentry"],"_links":{"self":[{"href":"https:\/\/canaldelasaves.es\/index.php\/wp-json\/wp\/v2\/pages\/18","targetHints":{"allow":["GET"]}}],"collection":[{"href":"https:\/\/canaldelasaves.es\/index.php\/wp-json\/wp\/v2\/pages"}],"about":[{"href":"https:\/\/canaldelasaves.es\/index.php\/wp-json\/wp\/v2\/types\/page"}],"author":[{"embeddable":true,"href":"https:\/\/canaldelasaves.es\/index.php\/wp-json\/wp\/v2\/users\/1"}],"replies":[{"embeddable":true,"href":"https:\/\/canaldelasaves.es\/index.php\/wp-json\/wp\/v2\/comments?post=18"}],"version-history":[{"count":9,"href":"https:\/\/canaldelasaves.es\/index.php\/wp-json\/wp\/v2\/pages\/18\/revisions"}],"predecessor-version":[{"id":195,"href":"https:\/\/canaldelasaves.es\/index.php\/wp-json\/wp\/v2\/pages\/18\/revisions\/195"}],"wp:attachment":[{"href":"https:\/\/canaldelasaves.es\/index.php\/wp-json\/wp\/v2\/media?parent=18"}],"curies":[{"name":"wp","href":"https:\/\/api.w.org\/{rel}","templated":true}]}}