{"id":187,"date":"2024-02-26T11:35:14","date_gmt":"2024-02-26T11:35:14","guid":{"rendered":"https:\/\/canaldelasaves.es\/?page_id=187"},"modified":"2024-03-01T12:38:06","modified_gmt":"2024-03-01T12:38:06","slug":"politica-de-privacidad","status":"publish","type":"page","link":"https:\/\/canaldelasaves.es\/index.php\/politica-de-privacidad\/","title":{"rendered":"POL\u00cdTICA DE PRIVACIDAD"},"content":{"rendered":"\n<ol class=\"wp-block-list\">\n<li>DATOS DEL RESPONSABLE DEL TRATAMIENTO<br>Raz\u00f3n Social: COMUNIDAD DE REGANTES CANAL DE LAS AVES (en adelante el<br>\u201cResponsable\u201d).<br>NIF: G84176759<br>Domicilio: Calle del Rey 4 &#8211; Local &#8211; 28300 &#8211; Aranjuez &#8211; MADRID<br>Email para comunicaciones en materia de Protecci\u00f3n de datos: info@canaldelasaves.es<br>1.1. Normativa aplicable<br>Nuestra Pol\u00edtica de Privacidad se ha dise\u00f1ado de acuerdo con el Reglamento General de<br>Protecci\u00f3n de Datos de la UE 2016\/679 del Parlamento Europeo y del Consejo, de 27 de abril<br>de 2016, relativo a la protecci\u00f3n de las personas f\u00edsicas en lo que respecta al tratamiento de datos<br>personales y a la libre circulaci\u00f3n de estos datos y por el que se deroga la Directiva 95\/46\/CE<br>(Reglamento general de protecci\u00f3n de datos), y la Ley Org\u00e1nica 3\/2018 del 5 de diciembre, de<br>Protecci\u00f3n de Datos de Car\u00e1cter Personal y Garant\u00eda de los Derechos Digitales.<br>Al facilitarnos sus datos, Usted declara haber le\u00eddo y conocer la presente Pol\u00edtica de Privacidad.<br>El Responsable podr\u00e1 modificar la presente Pol\u00edtica de Privacidad para adaptarla a las novedades<br>legislativas, jurisprudenciales o de interpretaci\u00f3n de la Agencia Espa\u00f1ola de Protecci\u00f3n de Datos.<br>1.2. Delegado de Protecci\u00f3n de Datos<br>No hay Delegado de Protecci\u00f3n de Datos designado.<\/li>\n\n\n\n<li>FINALIDAD DEL TRATAMIENTO DE LOS DATOS PERSONALES<br>El tratamiento que realizamos de sus datos personales responde a las siguientes finalidades:<\/li>\n<\/ol>\n\n\n\n<ul class=\"wp-block-list\">\n<li>Gestionar la relaci\u00f3n contractual<\/li>\n\n\n\n<li>Enviarle comunicaciones electr\u00f3nicas para proporcionarle informaci\u00f3n que sea de su inter\u00e9s en<br>relaci\u00f3n a la COMUNIDAD DE REGANTES CANAL DE LAS AVES.<br>2.1. Plazo de Conservaci\u00f3n de sus datos<br>Los datos se conservar\u00e1n durante el plazo estrictamente necesario.<\/li>\n<\/ul>\n\n\n\n<ol class=\"wp-block-list\">\n<li>LEGITIMACI\u00d3N Y DATOS RECABADOS<br>La legitimaci\u00f3n para el tratamiento de sus datos es el consentimiento expreso otorgado mediante<br>un acto positivo y afirmativo (rellenar el formulario correspondiente y marcar la casilla de<br>aceptaci\u00f3n de esta pol\u00edtica) en el momento de facilitarnos sus datos personales.<br>3.1. Consentimiento para tratar sus datos<br>Al rellenar los formularios, marcar la casilla \u201cAcepto la Pol\u00edtica de Privacidad\u201d y hacer clic para<br>enviar los datos, o al remitir correos electr\u00f3nicos a El Responsable a trav\u00e9s de las cuentas<br>habilitadas al efecto, el Usuario manifiesta haber le\u00eddo y aceptado expresamente la presente<br>pol\u00edtica de privacidad, y otorga su consentimiento inequ\u00edvoco y expreso al tratamiento de sus datos<br>personales conforme a las finalidades indicadas.<br>3.2. Categor\u00edas de datos<br>Los datos que se recaban se refieren a la categor\u00eda de datos identificativos, como pueden ser:<br>Nombre y Apellidos, NIF, Tel\u00e9fono, Direcci\u00f3n Postal, Empresa, Correo electr\u00f3nico, as\u00ed como la<br>direcci\u00f3n IP desde donde accede al formulario de recogida de datos.<\/li>\n\n\n\n<li>MEDIDAS DE SEGURIDAD<br>Dentro de nuestro compromiso por garantizar la seguridad y confidencialidad de sus datos de<br>car\u00e1cter personal, le informamos que se han adoptado las medidas de \u00edndole t\u00e9cnica y<br>organizativas necesarias para garantizar la seguridad de los datos de car\u00e1cter personal y evitar su<br>alteraci\u00f3n, p\u00e9rdida, tratamiento o acceso no autorizado, habida cuenta del estado de la tecnolog\u00eda,<br>la naturaleza de los datos almacenados y los riesgos a que est\u00e9n expuestos, seg\u00fan el Art. 32 del<br>RGPD EU 679\/2016.<\/li>\n\n\n\n<li>CESI\u00d3N DE DATOS<br>No se prev\u00e9n cesiones de datos ni transferencias internacionales de sus datos, a excepci\u00f3n de las<br>autorizadas por la legislaci\u00f3n fiscal, mercantil y de telecomunicaciones as\u00ed como en aquellos casos<br>en los que una autoridad judicial nos lo requiera.<\/li>\n\n\n\n<li>DERECHOS DEL USUARIO<br>Cualquier interesado tiene derecho a obtener confirmaci\u00f3n sobre si estamos tratando datos<br>personales que le conciernan, o no. Las personas interesadas tienen derecho a acceder a sus<br>datos personales, as\u00ed como a solicitar la rectificaci\u00f3n de los datos inexactos o, en su caso, solicitar<br>su supresi\u00f3n cuando, entre otros motivos, los datos ya no sean necesarios para los fines que<br>fueron recogidos. En determinadas circunstancias, los interesados podr\u00e1n solicitar la limitaci\u00f3n del<br>tratamiento de sus datos, en cuyo caso \u00fanicamente los conservaremos para el ejercicio o la<br>defensa de reclamaciones. Por motivos relacionados con su situaci\u00f3n particular, los interesados<br>podr\u00e1n oponerse al tratamiento de sus datos. El Responsable del fichero dejar\u00e1 de tratar los datos,<br>salvo por motivos leg\u00edtimos imperiosos, o el ejercicio o la defensa de posibles reclamaciones.<br>De acuerdo con la legislaci\u00f3n vigente tiene los siguientes derechos: derecho a solicitar el acceso<br>a sus datos personales, derecho a solicitar su rectificaci\u00f3n o supresi\u00f3n, derecho a solicitar la<br>limitaci\u00f3n de su tratamiento, derecho a oponerse al tratamiento, derecho a la portabilidad de los<br>datos y as\u00ed mismo, a revocar el consentimiento otorgado. Asimismo, tiene derecho a presentar<br>una reclamaci\u00f3n ante la Agencia Espa\u00f1ola de Protecci\u00f3n de Datos.<br>6.1. \u00bfC\u00f3mo ejercitar mis derechos?<br>Para ejercer sus derechos, debe dirigirse al responsable, solicitando el correspondiente formulario<br>para el ejercicio del derecho elegido. Opcionalmente, puede acudir a la Autoridad de Control<br>competente para obtener informaci\u00f3n adicional acerca de sus derechos. Puede ejercitar sus<br>derechos al correo electr\u00f3nico: info@canaldelasaves.es. Recuerde acompa\u00f1ar una copia de<br>un documento que nos permita identificarle<\/li>\n<\/ol>\n\n\n\n<h2 class=\"wp-block-heading\"><\/h2>\n\n\n\n<p><\/p>\n\n\n\n<p><\/p>\n\n\n\n<p><\/p>\n","protected":false},"excerpt":{"rendered":"","protected":false},"author":1,"featured_media":0,"parent":0,"menu_order":0,"comment_status":"closed","ping_status":"closed","template":"","meta":{"footnotes":""},"class_list":["post-187","page","type-page","status-publish","hentry"],"_links":{"self":[{"href":"https:\/\/canaldelasaves.es\/index.php\/wp-json\/wp\/v2\/pages\/187","targetHints":{"allow":["GET"]}}],"collection":[{"href":"https:\/\/canaldelasaves.es\/index.php\/wp-json\/wp\/v2\/pages"}],"about":[{"href":"https:\/\/canaldelasaves.es\/index.php\/wp-json\/wp\/v2\/types\/page"}],"author":[{"embeddable":true,"href":"https:\/\/canaldelasaves.es\/index.php\/wp-json\/wp\/v2\/users\/1"}],"replies":[{"embeddable":true,"href":"https:\/\/canaldelasaves.es\/index.php\/wp-json\/wp\/v2\/comments?post=187"}],"version-history":[{"count":3,"href":"https:\/\/canaldelasaves.es\/index.php\/wp-json\/wp\/v2\/pages\/187\/revisions"}],"predecessor-version":[{"id":203,"href":"https:\/\/canaldelasaves.es\/index.php\/wp-json\/wp\/v2\/pages\/187\/revisions\/203"}],"wp:attachment":[{"href":"https:\/\/canaldelasaves.es\/index.php\/wp-json\/wp\/v2\/media?parent=187"}],"curies":[{"name":"wp","href":"https:\/\/api.w.org\/{rel}","templated":true}]}}