{"id":21,"date":"2024-02-08T10:40:51","date_gmt":"2024-02-08T10:40:51","guid":{"rendered":"https:\/\/canaldelasaves.es\/?page_id=21"},"modified":"2024-05-15T08:31:19","modified_gmt":"2024-05-15T08:31:19","slug":"contacto","status":"publish","type":"page","link":"https:\/\/canaldelasaves.es\/index.php\/contacto\/","title":{"rendered":"Contacto"},"content":{"rendered":"\n<p>Las oficinas de la Comunidad de Regantes del Canal de las Aves se encuentran situadas en el municipio de Aranjuez y est\u00e1n dotadas de los medios t\u00e9cnicos y personales para la realizaci\u00f3n de todas las labores administrativas y t\u00e9cnicas relacionadas con la actividad que desempe\u00f1a dicho organismo. Para cualquier necesidad que pudiera surgirle, ponemos a su disposici\u00f3n los siguientes medios de comunicaci\u00f3n:<\/p>\n\n\n\n<p><a target=\"_blank\" href=\"https:\/\/www.bing.com\/ck\/a?!&amp;&amp;p=239a5156c3fccd92JmltdHM9MTcwNzM1MDQwMCZpZ3VpZD0yMzE5ZmM0ZS04MGQzLTZjZmUtMDQ2Yy1lZmFhODFhYTZkYWYmaW5zaWQ9NTQ1Mw&amp;ptn=3&amp;ver=2&amp;hsh=3&amp;fclid=2319fc4e-80d3-6cfe-046c-efaa81aa6daf&amp;u=a1L21hcHM_Jm1lcGk9MTA5fn5Ub3BPZlBhZ2V-QWRkcmVzc19MaW5rJnR5PTE4JnE9Q29tdW5pZGFkJTIwRGUlMjBSZWdhbnRlcyUyMERlbCUyMENhbmFsJTIwRGUlMjBMYXMlMjBBdmVzJnNzPXlwaWQuWU42MzA2eDUyMTI4MTM0NDQxMjQxMjc5NDgmcHBvaXM9NDAuMDM2NjE3Mjc5MDUyNzM0Xy0zLjYwMDAwMjA1MDM5OTc4MDNfQ29tdW5pZGFkJTIwRGUlMjBSZWdhbnRlcyUyMERlbCUyMENhbmFsJTIwRGUlMjBMYXMlMjBBdmVzX1lONjMwNng1MjEyODEzNDQ0MTI0MTI3OTQ4fiZjcD00MC4wMzY2MTd-LTMuNjAwMDAyJnY9MiZzVj0xJkZPUk09TVBTUlBM&amp;ntb=1\" rel=\"noreferrer noopener\">Rey (del) 4, 28300, Aranjuez (Madrid)<\/a><\/p>\n\n\n\n<p><a href=\"tel:918924983\">918 92 49 83<\/a> o 630 27 27 97<\/p>\n\n\n\n<p>Para cualquier documentaci\u00f3n que necesiten remitirnos o consulta v\u00eda email, puede hacerlo a trav\u00e9s del siguiente correo electr\u00f3nico.<\/p>\n\n\n\n<p>info@canaldelasaves.es<\/p>\n\n\n\n<p>De igual modo, dicha Comunidad de Regantes cuenta con el personal de guarder\u00eda y vigilancia que se detalla a continuaci\u00f3n:<\/p>\n\n\n\n<p>Jos\u00e9 Miguel: 608102620<\/p>\n\n\n\n<p>Estrella: 606931683<\/p>\n","protected":false},"excerpt":{"rendered":"<p>Las oficinas de la Comunidad de Regantes del Canal de las Aves se encuentran situadas en el municipio de Aranjuez y est\u00e1n dotadas de los medios t\u00e9cnicos y personales para la realizaci\u00f3n de todas las labores administrativas y t\u00e9cnicas relacionadas con la actividad que desempe\u00f1a dicho organismo. Para cualquier necesidad &hellip;<\/p>\n","protected":false},"author":1,"featured_media":0,"parent":0,"menu_order":0,"comment_status":"closed","ping_status":"closed","template":"","meta":{"footnotes":""},"class_list":["post-21","page","type-page","status-publish","hentry"],"_links":{"self":[{"href":"https:\/\/canaldelasaves.es\/index.php\/wp-json\/wp\/v2\/pages\/21","targetHints":{"allow":["GET"]}}],"collection":[{"href":"https:\/\/canaldelasaves.es\/index.php\/wp-json\/wp\/v2\/pages"}],"about":[{"href":"https:\/\/canaldelasaves.es\/index.php\/wp-json\/wp\/v2\/types\/page"}],"author":[{"embeddable":true,"href":"https:\/\/canaldelasaves.es\/index.php\/wp-json\/wp\/v2\/users\/1"}],"replies":[{"embeddable":true,"href":"https:\/\/canaldelasaves.es\/index.php\/wp-json\/wp\/v2\/comments?post=21"}],"version-history":[{"count":6,"href":"https:\/\/canaldelasaves.es\/index.php\/wp-json\/wp\/v2\/pages\/21\/revisions"}],"predecessor-version":[{"id":228,"href":"https:\/\/canaldelasaves.es\/index.php\/wp-json\/wp\/v2\/pages\/21\/revisions\/228"}],"wp:attachment":[{"href":"https:\/\/canaldelasaves.es\/index.php\/wp-json\/wp\/v2\/media?parent=21"}],"curies":[{"name":"wp","href":"https:\/\/api.w.org\/{rel}","templated":true}]}}