{"id":59,"date":"2024-02-09T09:14:30","date_gmt":"2024-02-09T09:14:30","guid":{"rendered":"https:\/\/canaldelasaves.es\/?page_id=59"},"modified":"2026-03-30T08:58:14","modified_gmt":"2026-03-30T08:58:14","slug":"gestion-de-riego","status":"publish","type":"page","link":"https:\/\/canaldelasaves.es\/index.php\/gestion-de-riego\/","title":{"rendered":"Gesti\u00f3n de riego"},"content":{"rendered":"\n<p><strong>Acceso al \u00e1rea personal para realizar la asignaci\u00f3n de arrendatarios, declaraci\u00f3n de cultivo y solicitud de riego durante la campa\u00f1a<\/strong>.<\/p>\n\n\n\n<p class=\"has-text-align-center\"><\/p>\n\n\n\n<div class=\"wp-block-buttons is-content-justification-center is-layout-flex wp-container-core-buttons-is-layout-16018d1d wp-block-buttons-is-layout-flex\">\n<div class=\"wp-block-button has-custom-width wp-block-button__width-25 is-style-fill\"><a class=\"wp-block-button__link wp-element-button\" href=\"https:\/\/portal.canaldelasaves.es\/\"><strong>ACCESO USUARIOS<\/strong><\/a><\/div>\n<\/div>\n\n\n\n<p><\/p>\n","protected":false},"excerpt":{"rendered":"<p>Acceso al \u00e1rea personal para realizar la asignaci\u00f3n de arrendatarios, declaraci\u00f3n de cultivo y solicitud de riego durante la campa\u00f1a.<\/p>\n","protected":false},"author":1,"featured_media":0,"parent":0,"menu_order":0,"comment_status":"closed","ping_status":"closed","template":"","meta":{"footnotes":""},"class_list":["post-59","page","type-page","status-publish","hentry"],"_links":{"self":[{"href":"https:\/\/canaldelasaves.es\/index.php\/wp-json\/wp\/v2\/pages\/59","targetHints":{"allow":["GET"]}}],"collection":[{"href":"https:\/\/canaldelasaves.es\/index.php\/wp-json\/wp\/v2\/pages"}],"about":[{"href":"https:\/\/canaldelasaves.es\/index.php\/wp-json\/wp\/v2\/types\/page"}],"author":[{"embeddable":true,"href":"https:\/\/canaldelasaves.es\/index.php\/wp-json\/wp\/v2\/users\/1"}],"replies":[{"embeddable":true,"href":"https:\/\/canaldelasaves.es\/index.php\/wp-json\/wp\/v2\/comments?post=59"}],"version-history":[{"count":14,"href":"https:\/\/canaldelasaves.es\/index.php\/wp-json\/wp\/v2\/pages\/59\/revisions"}],"predecessor-version":[{"id":280,"href":"https:\/\/canaldelasaves.es\/index.php\/wp-json\/wp\/v2\/pages\/59\/revisions\/280"}],"wp:attachment":[{"href":"https:\/\/canaldelasaves.es\/index.php\/wp-json\/wp\/v2\/media?parent=59"}],"curies":[{"name":"wp","href":"https:\/\/api.w.org\/{rel}","templated":true}]}}