{"id":75,"date":"2024-02-09T11:49:10","date_gmt":"2024-02-09T11:49:10","guid":{"rendered":"https:\/\/canaldelasaves.es\/?page_id=75"},"modified":"2024-02-12T14:55:37","modified_gmt":"2024-02-12T14:55:37","slug":"publicaciones","status":"publish","type":"page","link":"https:\/\/canaldelasaves.es\/index.php\/publicaciones\/","title":{"rendered":"Publicaciones"},"content":{"rendered":"\n<p>Desde este apartado de nuestra web les trasmitiremos todos los documentos, asuntos relevantes y datos que puedan ser de vuestro inter\u00e9s con el fin de llevar a cabo una informaci\u00f3n lo m\u00e1s completa posible hac\u00eda nuestros comuneros.<\/p>\n","protected":false},"excerpt":{"rendered":"<p>Desde este apartado de nuestra web les trasmitiremos todos los documentos, asuntos relevantes y datos que puedan ser de vuestro inter\u00e9s con el fin de llevar a cabo una informaci\u00f3n lo m\u00e1s completa posible hac\u00eda nuestros comuneros.<\/p>\n","protected":false},"author":1,"featured_media":0,"parent":0,"menu_order":0,"comment_status":"closed","ping_status":"closed","template":"","meta":{"footnotes":""},"class_list":["post-75","page","type-page","status-publish","hentry"],"_links":{"self":[{"href":"https:\/\/canaldelasaves.es\/index.php\/wp-json\/wp\/v2\/pages\/75","targetHints":{"allow":["GET"]}}],"collection":[{"href":"https:\/\/canaldelasaves.es\/index.php\/wp-json\/wp\/v2\/pages"}],"about":[{"href":"https:\/\/canaldelasaves.es\/index.php\/wp-json\/wp\/v2\/types\/page"}],"author":[{"embeddable":true,"href":"https:\/\/canaldelasaves.es\/index.php\/wp-json\/wp\/v2\/users\/1"}],"replies":[{"embeddable":true,"href":"https:\/\/canaldelasaves.es\/index.php\/wp-json\/wp\/v2\/comments?post=75"}],"version-history":[{"count":2,"href":"https:\/\/canaldelasaves.es\/index.php\/wp-json\/wp\/v2\/pages\/75\/revisions"}],"predecessor-version":[{"id":127,"href":"https:\/\/canaldelasaves.es\/index.php\/wp-json\/wp\/v2\/pages\/75\/revisions\/127"}],"wp:attachment":[{"href":"https:\/\/canaldelasaves.es\/index.php\/wp-json\/wp\/v2\/media?parent=75"}],"curies":[{"name":"wp","href":"https:\/\/api.w.org\/{rel}","templated":true}]}}