{"id":96,"date":"2024-02-12T11:28:25","date_gmt":"2024-02-12T11:28:25","guid":{"rendered":"https:\/\/canaldelasaves.es\/?page_id=96"},"modified":"2026-03-17T15:42:39","modified_gmt":"2026-03-17T15:42:39","slug":"junta-de-gobierno","status":"publish","type":"page","link":"https:\/\/canaldelasaves.es\/index.php\/junta-de-gobierno\/","title":{"rendered":"Junta de Gobierno"},"content":{"rendered":"\n<p>A continuaci\u00f3n se presenta el organigrama de la Comunidad de Regantes.<\/p>\n\n\n<div class=\"wp-block-image\">\n<figure class=\"aligncenter size-full is-resized\"><img loading=\"lazy\" decoding=\"async\" width=\"666\" height=\"186\" src=\"https:\/\/canaldelasaves.es\/wp-content\/uploads\/2024\/02\/image-4.png\" alt=\"\" class=\"wp-image-200\" style=\"width:583px;height:auto\" srcset=\"https:\/\/canaldelasaves.es\/wp-content\/uploads\/2024\/02\/image-4.png 666w, https:\/\/canaldelasaves.es\/wp-content\/uploads\/2024\/02\/image-4-300x84.png 300w\" sizes=\"auto, (max-width: 666px) 100vw, 666px\" \/><\/figure>\n<\/div>\n\n\n<p>La asamblea general est\u00e1 constituida por todos y cada uno de los miembros de la Comunidad de Regantes, quienes con sus votos, para su gobierno, eligen a las personas que desempe\u00f1ar\u00e1n los cargos de vocales de la Junta de Gobierno y el Jurado de Riego.<\/p>\n\n\n\n<p>La Junta de gobierno, en su d\u00eda de constituci\u00f3n, tras la asamblea general, elegir\u00e1 los cargos de presidente, vicepresidente, secretario y tesorero contador, y presidente del jurado de riego, conforme a lo establecido en los Estatutos del Comunidad de Regantes y el Reglamento para la Junta de Gobierno de la Comunidad de Regantes.<\/p>\n\n\n\n<p>La duraci\u00f3n del cargo de vocal de la Junta de Gobierno es de cuatro a\u00f1os, y se renuevan los cargos de vocales por mitades cada dos a\u00f1os, dividi\u00e9ndose la Junta en vocales por la zona alta y por la zona baja.<\/p>\n\n\n\n<p>Actualmente, las personas que conforman la Junta de Gobierno son las siguientes:<\/p>\n\n\n\n<p><strong>JUNTA DE GOBIERNO<\/strong><\/p>\n\n\n\n<p><strong>PRESIDENTE:<\/strong> D. Alejandro Cerezo Garc\u00eda. <\/p>\n\n\n\n<p><strong>VICEPRESIDENTE:<\/strong> D. Santiago P\u00edriz Lara. <\/p>\n\n\n\n<p><strong>SECRETARIO-TESORERO CONTADOR:<\/strong> D. Manuel Belmonte Gonz\u00e1lez.. <\/p>\n\n\n\n<p><strong>VOCALES:<\/strong><\/p>\n\n\n\n<p><strong>VOCALES POR LA ZONA ALTA DEL CANAL:<\/strong><\/p>\n\n\n\n<p>D. Trist\u00e1n Ignacio Falc\u00f3 Ligues.<\/p>\n\n\n\n<p>D\u00f1a. Bel\u00e9n Ortega Garc\u00eda<\/p>\n\n\n\n<p>D. Ra\u00fal Villaseca S\u00e1nchez.<\/p>\n\n\n\n<p>D. Jorge Pinto Ugena.<\/p>\n\n\n\n<p><strong>VOCALES POR LA ZONA BAJA DEL CANAL:<\/strong><\/p>\n\n\n\n<p>D. Santiago P\u00edriz Lara.<\/p>\n\n\n\n<p>D. Manuel Belmonte Gonz\u00e1lez.<\/p>\n\n\n\n<p>D. Fernando N\u00fa\u00f1ez de Arenas Blat.<\/p>\n\n\n\n<p>D. Miguel \u00c1ngel Garc\u00eda Ugena.<\/p>\n\n\n\n<p>D. Alejandro Cerezo Garc\u00eda.<\/p>\n","protected":false},"excerpt":{"rendered":"<p>A continuaci\u00f3n se presenta el organigrama de la Comunidad de Regantes. La asamblea general est\u00e1 constituida por todos y cada uno de los miembros de la Comunidad de Regantes, quienes con sus votos, para su gobierno, eligen a las personas que desempe\u00f1ar\u00e1n los cargos de vocales de la Junta de &hellip;<\/p>\n","protected":false},"author":1,"featured_media":0,"parent":0,"menu_order":0,"comment_status":"closed","ping_status":"closed","template":"","meta":{"footnotes":""},"class_list":["post-96","page","type-page","status-publish","hentry"],"_links":{"self":[{"href":"https:\/\/canaldelasaves.es\/index.php\/wp-json\/wp\/v2\/pages\/96","targetHints":{"allow":["GET"]}}],"collection":[{"href":"https:\/\/canaldelasaves.es\/index.php\/wp-json\/wp\/v2\/pages"}],"about":[{"href":"https:\/\/canaldelasaves.es\/index.php\/wp-json\/wp\/v2\/types\/page"}],"author":[{"embeddable":true,"href":"https:\/\/canaldelasaves.es\/index.php\/wp-json\/wp\/v2\/users\/1"}],"replies":[{"embeddable":true,"href":"https:\/\/canaldelasaves.es\/index.php\/wp-json\/wp\/v2\/comments?post=96"}],"version-history":[{"count":12,"href":"https:\/\/canaldelasaves.es\/index.php\/wp-json\/wp\/v2\/pages\/96\/revisions"}],"predecessor-version":[{"id":279,"href":"https:\/\/canaldelasaves.es\/index.php\/wp-json\/wp\/v2\/pages\/96\/revisions\/279"}],"wp:attachment":[{"href":"https:\/\/canaldelasaves.es\/index.php\/wp-json\/wp\/v2\/media?parent=96"}],"curies":[{"name":"wp","href":"https:\/\/api.w.org\/{rel}","templated":true}]}}